{"id":648,"date":"2024-03-25T15:23:54","date_gmt":"2024-03-25T19:23:54","guid":{"rendered":"https:\/\/montclerc.ca\/contact\/"},"modified":"2025-10-18T17:35:36","modified_gmt":"2025-10-18T21:35:36","slug":"contact-us","status":"publish","type":"page","link":"https:\/\/montclerc.ca\/en\/contact-us\/","title":{"rendered":"Contact us"},"content":{"rendered":"\n<section class=\"wp-block-group alignwide is-layout-constrained wp-container-core-group-is-layout-a68114f4 wp-block-group-is-layout-constrained\" style=\"padding-right:var(--wp--preset--spacing--30);padding-left:var(--wp--preset--spacing--30)\">\n<div class=\"wp-block-columns alignwide is-style-gap-md is-layout-flex wp-container-core-columns-is-layout-9d6595d7 wp-block-columns-is-layout-flex\">\n<div class=\"wp-block-column is-layout-flow wp-block-column-is-layout-flow\" style=\"flex-basis:40%\">\n<div class=\"wp-block-group is-content-justification-left is-layout-constrained wp-container-core-group-is-layout-657c7bf5 wp-block-group-is-layout-constrained\" style=\"padding-top:var(--wp--preset--spacing--70);padding-bottom:var(--wp--preset--spacing--70)\">\n<div style=\"height:60px\" aria-hidden=\"true\" class=\"wp-block-spacer is-style-hidden-sm\"><\/div>\n\n\n\n<h2 class=\"wp-block-heading\">Offices<\/h2>\n\n\n\n<p class=\"has-22-font-size\"><strong>Qu\u00e9bec<\/strong><br>2505 Laurier Blvd., Suite 200<br>Qu\u00e9bec, Qc<br>G1V 2L2<\/p>\n\n\n\n<div style=\"height:10px\" aria-hidden=\"true\" class=\"wp-block-spacer\"><\/div>\n\n\n\n<p class=\"has-22-font-size\"><strong>Montr\u00e9al<br><\/strong>1200 McGill College Ave., Suite 2000<br>Montr\u00e9al, Qc<br>H3B 4G7<\/p>\n\n\n\n<p><\/p>\n\n\n\n<p class=\"has-22-font-size\"><strong>Ontario<br><\/strong>1475 California Ave<br>Brockville, Ontario<br>K6V 6K4<\/p>\n\n\n\n<hr class=\"wp-block-separator has-text-color has-a-3-b-4-b-4-color has-alpha-channel-opacity has-a-3-b-4-b-4-background-color has-background is-style-lg\"\/>\n\n\n\n<h3 class=\"wp-block-heading has-stara-font-family has-32-font-size\">Social networks<\/h3>\n\n\n\n<div style=\"height:10px\" aria-hidden=\"true\" class=\"wp-block-spacer\"><\/div>\n\n\n\n<a href=\"https:\/\/www.linkedin.com\/company\/montclerc-capital\/\" target=\"_blank\" class=\"social\" rel=\"noopener\"><svg viewBox=\"0 0 37 37\"><path d=\"M0,6.609A1.507,1.507,0,0,1,.49,5.455,1.8,1.8,0,0,1,1.763,5a1.743,1.743,0,0,1,1.245.448,1.578,1.578,0,0,1,.49,1.2,1.474,1.474,0,0,1-.476,1.12,1.8,1.8,0,0,1-1.287.462H1.721A1.713,1.713,0,0,1,.476,7.771,1.551,1.551,0,0,1,0,6.609ZM.182,18.854V9.506H3.289v9.348Zm4.828,0H8.117v-5.22a1.822,1.822,0,0,1,.707-1.56,1.52,1.52,0,0,1,1-.329q1.567,0,1.567,2.113v5H14.5v-5.36a4.5,4.5,0,0,0-.98-3.142A3.342,3.342,0,0,0,10.93,9.282a3.176,3.176,0,0,0-2.813,1.553v.028H8.1l.014-.028V9.506H5.01q.028.448.028,2.785T5.01,18.854Z\" transform=\"translate(11.251 4.838)\" fill=\"#fff\"\/><\/svg><\/a>\n<\/div>\n<\/div>\n\n\n\n<div class=\"wp-block-column block-contact-form has-f-0-f-1-f-1-background-color has-background is-layout-flow wp-block-column-is-layout-flow\" style=\"padding-top:var(--wp--preset--spacing--70);padding-right:var(--wp--preset--spacing--30);padding-bottom:var(--wp--preset--spacing--70);padding-left:var(--wp--preset--spacing--30);flex-basis:60%\">\n<div style=\"height:60px\" aria-hidden=\"true\" class=\"wp-block-spacer is-style-hidden-sm\"><\/div>\n\n\n\n<div class=\"wp-block-group is-layout-constrained wp-container-core-group-is-layout-4fc85a80 wp-block-group-is-layout-constrained\">\n<h2 class=\"wp-block-heading\">Contact us<\/h2>\n\n\n\n<div class=\"wp-block-contact-form-7-contact-form-selector\">\n<div class=\"wpcf7 no-js\" id=\"wpcf7-f1149-o1\" lang=\"fr-CA\" dir=\"ltr\" data-wpcf7-id=\"1149\">\n<div class=\"screen-reader-response\"><p role=\"status\" aria-live=\"polite\" aria-atomic=\"true\"><\/p> <ul><\/ul><\/div>\n<form action=\"\/en\/wp-json\/wp\/v2\/pages\/648#wpcf7-f1149-o1\" method=\"post\" class=\"wpcf7-form init\" aria-label=\"Contact form\" novalidate=\"novalidate\" data-status=\"init\">\n<fieldset class=\"hidden-fields-container\"><input type=\"hidden\" name=\"_wpcf7\" value=\"1149\" \/><input type=\"hidden\" name=\"_wpcf7_version\" value=\"6.1.5\" \/><input type=\"hidden\" name=\"_wpcf7_locale\" value=\"fr_CA\" \/><input type=\"hidden\" name=\"_wpcf7_unit_tag\" value=\"wpcf7-f1149-o1\" \/><input type=\"hidden\" name=\"_wpcf7_container_post\" value=\"0\" \/><input type=\"hidden\" name=\"_wpcf7_posted_data_hash\" value=\"\" \/>\n<\/fieldset>\n<div class=\"grid-form\">\n<label> Name\n    <span class=\"wpcf7-form-control-wrap\" data-name=\"your-name\"><input size=\"40\" maxlength=\"400\" class=\"wpcf7-form-control wpcf7-text wpcf7-validates-as-required\" autocomplete=\"name\" aria-required=\"true\" aria-invalid=\"false\" placeholder=\"Name\" value=\"\" type=\"text\" name=\"your-name\" \/><\/span> <\/label>\n\n<label> Email address\n    <span class=\"wpcf7-form-control-wrap\" data-name=\"email\"><input size=\"40\" maxlength=\"400\" class=\"wpcf7-form-control wpcf7-email wpcf7-validates-as-required wpcf7-text wpcf7-validates-as-email\" autocomplete=\"email\" aria-required=\"true\" aria-invalid=\"false\" placeholder=\"name@business.com\" value=\"\" type=\"email\" name=\"email\" \/><\/span> <\/label>\n\n<label> Phone\n    <span class=\"wpcf7-form-control-wrap\" data-name=\"phone\"><input size=\"40\" maxlength=\"400\" class=\"wpcf7-form-control wpcf7-text\" aria-invalid=\"false\" placeholder=\"000 000-000\" value=\"\" type=\"text\" name=\"phone\" \/><\/span> <\/label>\n\n<label> Business\n    <span class=\"wpcf7-form-control-wrap\" data-name=\"company\"><input size=\"40\" maxlength=\"400\" class=\"wpcf7-form-control wpcf7-text\" aria-invalid=\"false\" placeholder=\"Business\" value=\"\" type=\"text\" name=\"company\" \/><\/span> <\/label>\n<\/div>\n\n<label> Message\n    <span class=\"wpcf7-form-control-wrap\" data-name=\"message\"><textarea cols=\"40\" rows=\"10\" maxlength=\"2000\" class=\"wpcf7-form-control wpcf7-textarea wpcf7-validates-as-required\" aria-required=\"true\" aria-invalid=\"false\" placeholder=\"Message\" name=\"message\"><\/textarea><\/span> <\/label>\n\n<button type=\"submit\" class=\"wpcf7-form-control wpcf7-submit btn btn-primary custom-btn-style\">Send \n<svg xmlns=\"http:\/\/www.w3.org\/2000\/svg\" width=\"24.676\" height=\"18.86\"><g fill=\"none\" stroke=\"#273049\" stroke-miterlimit=\"10\" stroke-width=\"2\"><path d=\"m14.538.707 8.723 8.723-8.723 8.723M0 9.43h23.261\"\/><\/g><\/svg><\/button><div class=\"wpcf7-response-output\" aria-hidden=\"true\"><\/div>\n<\/form>\n<\/div>\n<\/div>\n<\/div>\n\n\n\n<div style=\"height:100px\" aria-hidden=\"true\" class=\"wp-block-spacer is-style-hidden-sm\"><\/div>\n<\/div>\n<\/div>\n<\/section>\n\n\n\n<section class=\"wp-block-cover alignfull is-light block-banner-contact\" style=\"min-height:200px;aspect-ratio:unset;\"><span aria-hidden=\"true\" class=\"wp-block-cover__background has-background-dim-0 has-background-dim\" style=\"background-color:#998f7a\"><\/span><img loading=\"lazy\" decoding=\"async\" width=\"2560\" height=\"663\" class=\"wp-block-cover__image-background wp-image-937\" alt=\"\" src=\"https:\/\/montclerc.ca\/app\/uploads\/2024\/04\/banner-montclerc-capital-scaled.webp\" data-object-fit=\"cover\" srcset=\"https:\/\/montclerc.ca\/app\/uploads\/2024\/04\/banner-montclerc-capital-scaled.webp 2560w, https:\/\/montclerc.ca\/app\/uploads\/2024\/04\/banner-montclerc-capital-300x78.webp 300w, https:\/\/montclerc.ca\/app\/uploads\/2024\/04\/banner-montclerc-capital-1024x265.webp 1024w, https:\/\/montclerc.ca\/app\/uploads\/2024\/04\/banner-montclerc-capital-768x199.webp 768w, https:\/\/montclerc.ca\/app\/uploads\/2024\/04\/banner-montclerc-capital-1536x398.webp 1536w, https:\/\/montclerc.ca\/app\/uploads\/2024\/04\/banner-montclerc-capital-2048x531.webp 2048w\" sizes=\"auto, (max-width: 2560px) 100vw, 2560px\" \/><div class=\"wp-block-cover__inner-container is-layout-flow wp-block-cover-is-layout-flow\">\n<div style=\"height:730px\" aria-hidden=\"true\" class=\"wp-block-spacer is-style-hidden-sm\"><\/div>\n<\/div><\/section>\n","protected":false},"excerpt":{"rendered":"<p>Offices Qu\u00e9bec2505 Laurier Blvd., Suite 200Qu\u00e9bec, QcG1V 2L2 Montr\u00e9al1200 McGill College Ave., Suite 2000Montr\u00e9al, QcH3B 4G7 Ontario1475 California AveBrockville, OntarioK6V 6K4 Social networks Contact us<\/p>\n","protected":false},"author":3,"featured_media":0,"parent":0,"menu_order":0,"comment_status":"closed","ping_status":"closed","template":"","meta":{"_acf_changed":false,"footnotes":""},"class_list":["post-648","page","type-page","status-publish","hentry"],"acf":[],"yoast_head":"<!-- This site is optimized with the Yoast SEO plugin v27.0 - https:\/\/yoast.com\/product\/yoast-seo-wordpress\/ -->\n<title>Contact us - MontClerc Capital<\/title>\n<meta name=\"robots\" content=\"index, follow, max-snippet:-1, max-image-preview:large, max-video-preview:-1\" \/>\n<link rel=\"canonical\" href=\"https:\/\/montclerc.ca\/en\/contact-us\/\" \/>\n<meta property=\"og:locale\" content=\"en_US\" \/>\n<meta property=\"og:type\" content=\"article\" \/>\n<meta property=\"og:title\" content=\"Contact us - MontClerc Capital\" \/>\n<meta property=\"og:description\" content=\"Offices Qu\u00e9bec2505 Laurier Blvd., Suite 200Qu\u00e9bec, QcG1V 2L2 Montr\u00e9al1200 McGill College Ave., Suite 2000Montr\u00e9al, QcH3B 4G7 Ontario1475 California AveBrockville, OntarioK6V 6K4 Social networks Contact us\" \/>\n<meta property=\"og:url\" content=\"https:\/\/montclerc.ca\/en\/contact-us\/\" \/>\n<meta property=\"og:site_name\" content=\"MontClerc Capital\" \/>\n<meta property=\"article:modified_time\" content=\"2025-10-18T21:35:36+00:00\" \/>\n<meta property=\"og:image\" content=\"https:\/\/montclerc.ca\/app\/uploads\/2024\/04\/banner-montclerc-capital-scaled.webp\" \/>\n<meta name=\"twitter:card\" content=\"summary_large_image\" \/>\n<meta name=\"twitter:label1\" content=\"Est. reading time\" \/>\n\t<meta name=\"twitter:data1\" content=\"1 minute\" \/>\n<script type=\"application\/ld+json\" class=\"yoast-schema-graph\">{\"@context\":\"https:\/\/schema.org\",\"@graph\":[{\"@type\":\"WebPage\",\"@id\":\"https:\/\/montclerc.ca\/en\/contact-us\/\",\"url\":\"https:\/\/montclerc.ca\/en\/contact-us\/\",\"name\":\"Contact us - MontClerc Capital\",\"isPartOf\":{\"@id\":\"https:\/\/montclerc.ca\/en\/#website\"},\"primaryImageOfPage\":{\"@id\":\"https:\/\/montclerc.ca\/en\/contact-us\/#primaryimage\"},\"image\":{\"@id\":\"https:\/\/montclerc.ca\/en\/contact-us\/#primaryimage\"},\"thumbnailUrl\":\"https:\/\/montclerc.ca\/app\/uploads\/2024\/04\/banner-montclerc-capital-scaled.webp\",\"datePublished\":\"2024-03-25T19:23:54+00:00\",\"dateModified\":\"2025-10-18T21:35:36+00:00\",\"breadcrumb\":{\"@id\":\"https:\/\/montclerc.ca\/en\/contact-us\/#breadcrumb\"},\"inLanguage\":\"en-US\",\"potentialAction\":[{\"@type\":\"ReadAction\",\"target\":[\"https:\/\/montclerc.ca\/en\/contact-us\/\"]}]},{\"@type\":\"ImageObject\",\"inLanguage\":\"en-US\",\"@id\":\"https:\/\/montclerc.ca\/en\/contact-us\/#primaryimage\",\"url\":\"https:\/\/montclerc.ca\/app\/uploads\/2024\/04\/banner-montclerc-capital-scaled.webp\",\"contentUrl\":\"https:\/\/montclerc.ca\/app\/uploads\/2024\/04\/banner-montclerc-capital-scaled.webp\"},{\"@type\":\"BreadcrumbList\",\"@id\":\"https:\/\/montclerc.ca\/en\/contact-us\/#breadcrumb\",\"itemListElement\":[{\"@type\":\"ListItem\",\"position\":1,\"name\":\"Accueil\",\"item\":\"https:\/\/montclerc.ca\/en\/\"},{\"@type\":\"ListItem\",\"position\":2,\"name\":\"Contact us\"}]},{\"@type\":\"WebSite\",\"@id\":\"https:\/\/montclerc.ca\/en\/#website\",\"url\":\"https:\/\/montclerc.ca\/en\/\",\"name\":\"MontClerc Capital\",\"description\":\"\",\"publisher\":{\"@id\":\"https:\/\/montclerc.ca\/en\/#organization\"},\"potentialAction\":[{\"@type\":\"SearchAction\",\"target\":{\"@type\":\"EntryPoint\",\"urlTemplate\":\"https:\/\/montclerc.ca\/en\/?s={search_term_string}\"},\"query-input\":{\"@type\":\"PropertyValueSpecification\",\"valueRequired\":true,\"valueName\":\"search_term_string\"}}],\"inLanguage\":\"en-US\"},{\"@type\":\"Organization\",\"@id\":\"https:\/\/montclerc.ca\/en\/#organization\",\"name\":\"MontClerc Capital\",\"url\":\"https:\/\/montclerc.ca\/en\/\",\"logo\":{\"@type\":\"ImageObject\",\"inLanguage\":\"en-US\",\"@id\":\"https:\/\/montclerc.ca\/en\/#\/schema\/logo\/image\/\",\"url\":\"https:\/\/montclerc.ca\/app\/uploads\/2024\/05\/montclerc-capital-696x696-1.png\",\"contentUrl\":\"https:\/\/montclerc.ca\/app\/uploads\/2024\/05\/montclerc-capital-696x696-1.png\",\"width\":696,\"height\":696,\"caption\":\"MontClerc Capital\"},\"image\":{\"@id\":\"https:\/\/montclerc.ca\/en\/#\/schema\/logo\/image\/\"},\"sameAs\":[\"https:\/\/www.linkedin.com\/company\/montclerc-capital\"]}]}<\/script>\n<!-- \/ Yoast SEO plugin. -->","yoast_head_json":{"title":"Contact us - MontClerc Capital","robots":{"index":"index","follow":"follow","max-snippet":"max-snippet:-1","max-image-preview":"max-image-preview:large","max-video-preview":"max-video-preview:-1"},"canonical":"https:\/\/montclerc.ca\/en\/contact-us\/","og_locale":"en_US","og_type":"article","og_title":"Contact us - MontClerc Capital","og_description":"Offices Qu\u00e9bec2505 Laurier Blvd., Suite 200Qu\u00e9bec, QcG1V 2L2 Montr\u00e9al1200 McGill College Ave., Suite 2000Montr\u00e9al, QcH3B 4G7 Ontario1475 California AveBrockville, OntarioK6V 6K4 Social networks Contact us","og_url":"https:\/\/montclerc.ca\/en\/contact-us\/","og_site_name":"MontClerc Capital","article_modified_time":"2025-10-18T21:35:36+00:00","og_image":[{"url":"https:\/\/montclerc.ca\/app\/uploads\/2024\/04\/banner-montclerc-capital-scaled.webp","type":"","width":"","height":""}],"twitter_card":"summary_large_image","twitter_misc":{"Est. reading time":"1 minute"},"schema":{"@context":"https:\/\/schema.org","@graph":[{"@type":"WebPage","@id":"https:\/\/montclerc.ca\/en\/contact-us\/","url":"https:\/\/montclerc.ca\/en\/contact-us\/","name":"Contact us - MontClerc Capital","isPartOf":{"@id":"https:\/\/montclerc.ca\/en\/#website"},"primaryImageOfPage":{"@id":"https:\/\/montclerc.ca\/en\/contact-us\/#primaryimage"},"image":{"@id":"https:\/\/montclerc.ca\/en\/contact-us\/#primaryimage"},"thumbnailUrl":"https:\/\/montclerc.ca\/app\/uploads\/2024\/04\/banner-montclerc-capital-scaled.webp","datePublished":"2024-03-25T19:23:54+00:00","dateModified":"2025-10-18T21:35:36+00:00","breadcrumb":{"@id":"https:\/\/montclerc.ca\/en\/contact-us\/#breadcrumb"},"inLanguage":"en-US","potentialAction":[{"@type":"ReadAction","target":["https:\/\/montclerc.ca\/en\/contact-us\/"]}]},{"@type":"ImageObject","inLanguage":"en-US","@id":"https:\/\/montclerc.ca\/en\/contact-us\/#primaryimage","url":"https:\/\/montclerc.ca\/app\/uploads\/2024\/04\/banner-montclerc-capital-scaled.webp","contentUrl":"https:\/\/montclerc.ca\/app\/uploads\/2024\/04\/banner-montclerc-capital-scaled.webp"},{"@type":"BreadcrumbList","@id":"https:\/\/montclerc.ca\/en\/contact-us\/#breadcrumb","itemListElement":[{"@type":"ListItem","position":1,"name":"Accueil","item":"https:\/\/montclerc.ca\/en\/"},{"@type":"ListItem","position":2,"name":"Contact us"}]},{"@type":"WebSite","@id":"https:\/\/montclerc.ca\/en\/#website","url":"https:\/\/montclerc.ca\/en\/","name":"MontClerc Capital","description":"","publisher":{"@id":"https:\/\/montclerc.ca\/en\/#organization"},"potentialAction":[{"@type":"SearchAction","target":{"@type":"EntryPoint","urlTemplate":"https:\/\/montclerc.ca\/en\/?s={search_term_string}"},"query-input":{"@type":"PropertyValueSpecification","valueRequired":true,"valueName":"search_term_string"}}],"inLanguage":"en-US"},{"@type":"Organization","@id":"https:\/\/montclerc.ca\/en\/#organization","name":"MontClerc Capital","url":"https:\/\/montclerc.ca\/en\/","logo":{"@type":"ImageObject","inLanguage":"en-US","@id":"https:\/\/montclerc.ca\/en\/#\/schema\/logo\/image\/","url":"https:\/\/montclerc.ca\/app\/uploads\/2024\/05\/montclerc-capital-696x696-1.png","contentUrl":"https:\/\/montclerc.ca\/app\/uploads\/2024\/05\/montclerc-capital-696x696-1.png","width":696,"height":696,"caption":"MontClerc Capital"},"image":{"@id":"https:\/\/montclerc.ca\/en\/#\/schema\/logo\/image\/"},"sameAs":["https:\/\/www.linkedin.com\/company\/montclerc-capital"]}]}},"_links":{"self":[{"href":"https:\/\/montclerc.ca\/en\/wp-json\/wp\/v2\/pages\/648","targetHints":{"allow":["GET"]}}],"collection":[{"href":"https:\/\/montclerc.ca\/en\/wp-json\/wp\/v2\/pages"}],"about":[{"href":"https:\/\/montclerc.ca\/en\/wp-json\/wp\/v2\/types\/page"}],"author":[{"embeddable":true,"href":"https:\/\/montclerc.ca\/en\/wp-json\/wp\/v2\/users\/3"}],"replies":[{"embeddable":true,"href":"https:\/\/montclerc.ca\/en\/wp-json\/wp\/v2\/comments?post=648"}],"version-history":[{"count":5,"href":"https:\/\/montclerc.ca\/en\/wp-json\/wp\/v2\/pages\/648\/revisions"}],"predecessor-version":[{"id":2050,"href":"https:\/\/montclerc.ca\/en\/wp-json\/wp\/v2\/pages\/648\/revisions\/2050"}],"wp:attachment":[{"href":"https:\/\/montclerc.ca\/en\/wp-json\/wp\/v2\/media?parent=648"}],"curies":[{"name":"wp","href":"https:\/\/api.w.org\/{rel}","templated":true}]}}